{"id":293,"date":"2025-09-26T20:22:49","date_gmt":"2025-09-26T20:22:49","guid":{"rendered":"https:\/\/gvgus.com\/?page_id=293"},"modified":"2025-09-29T10:16:36","modified_gmt":"2025-09-29T15:16:36","slug":"services","status":"publish","type":"page","link":"https:\/\/gvgus.com\/es\/services\/","title":{"rendered":"Servicios"},"content":{"rendered":"<div data-elementor-type=\"wp-page\" data-elementor-id=\"293\" class=\"elementor elementor-293\" data-elementor-post-type=\"page\">\n\t\t\t\t<div class=\"elementor-element elementor-element-a1727d9 e-con-full e-flex e-con e-parent\" data-id=\"a1727d9\" data-element_type=\"container\">\n\t\t\t\t<div class=\"elementor-element elementor-element-497c5f8 elementor--h-position-center elementor--v-position-middle elementor-arrows-position-inside elementor-pagination-position-inside elementor-widget elementor-widget-slides\" data-id=\"497c5f8\" data-element_type=\"widget\" data-settings=\"{&quot;navigation&quot;:&quot;both&quot;,&quot;autoplay&quot;:&quot;yes&quot;,&quot;pause_on_hover&quot;:&quot;yes&quot;,&quot;pause_on_interaction&quot;:&quot;yes&quot;,&quot;autoplay_speed&quot;:5000,&quot;infinite&quot;:&quot;yes&quot;,&quot;transition&quot;:&quot;slide&quot;,&quot;transition_speed&quot;:500}\" data-widget_type=\"slides.default\">\n\t\t\t\t<div class=\"elementor-widget-container\">\n\t\t\t\t\t\t\t\t\t<div class=\"elementor-swiper\">\n\t\t\t\t\t<div class=\"elementor-slides-wrapper elementor-main-swiper swiper\" role=\"region\" aria-roledescription=\"carousel\" aria-label=\"Slides\" dir=\"ltr\" data-animation=\"fadeInUp\">\n\t\t\t\t<div class=\"swiper-wrapper elementor-slides\">\n\t\t\t\t\t\t\t\t\t\t<div class=\"elementor-repeater-item-cc9e0c6 swiper-slide\" role=\"group\" aria-roledescription=\"slide\"><div class=\"swiper-slide-bg\" role=\"img\" aria-label=\"GV-Group-Services\"><\/div><div class=\"elementor-background-overlay\"><\/div><a class=\"swiper-slide-inner\" href=\"tel:+1(832)900-2086\"><div class=\"swiper-slide-contents\"><div class=\"elementor-slide-heading\">SERVICIOS<\/div><div class=\"elementor-slide-description\">Estamos a una llamada de distancia!<\/div><\/div><\/a><\/div>\t\t\t\t<\/div>\n\t\t\t\t\t\t\t<\/div>\n\t\t\t\t<\/div>\n\t\t\t\t\t\t\t\t<\/div>\n\t\t\t\t<\/div>\n\t\t\t\t<\/div>\n\t\t<div class=\"elementor-element elementor-element-3ef312e e-flex e-con-boxed e-con e-parent\" data-id=\"3ef312e\" data-element_type=\"container\" data-settings=\"{&quot;background_background&quot;:&quot;classic&quot;}\">\n\t\t\t\t\t<div class=\"e-con-inner\">\n\t\t<div class=\"elementor-element elementor-element-970b5ab e-con-full e-flex e-con e-child\" data-id=\"970b5ab\" data-element_type=\"container\">\n\t\t\t\t<div class=\"elementor-element elementor-element-d468c32 elementor-widget elementor-widget-heading\" data-id=\"d468c32\" data-element_type=\"widget\" data-widget_type=\"heading.default\">\n\t\t\t\t<div class=\"elementor-widget-container\">\n\t\t\t\t\t<h2 class=\"elementor-heading-title elementor-size-default\">Planificaci\u00f3n de alto nivel, previsi\u00f3n y visi\u00f3n a largo plazo.<\/h2>\t\t\t\t<\/div>\n\t\t\t\t<\/div>\n\t\t\t\t<\/div>\n\t\t\t\t\t<\/div>\n\t\t\t\t<\/div>\n\t\t<div class=\"elementor-element elementor-element-c40b4fd e-flex e-con-boxed e-con e-parent\" data-id=\"c40b4fd\" data-element_type=\"container\" data-settings=\"{&quot;background_background&quot;:&quot;classic&quot;}\">\n\t\t\t\t\t<div class=\"e-con-inner\">\n\t\t\t\t<div class=\"elementor-element elementor-element-b077768 elementor-widget elementor-widget-image\" data-id=\"b077768\" data-element_type=\"widget\" data-widget_type=\"image.default\">\n\t\t\t\t<div class=\"elementor-widget-container\">\n\t\t\t\t\t\t\t\t\t\t\t\t\t\t\t<img fetchpriority=\"high\" decoding=\"async\" width=\"612\" height=\"408\" src=\"https:\/\/gvgus.com\/wp-content\/uploads\/2025\/09\/GV-Group-Tax-1-1.jpg\" class=\"attachment-large size-large wp-image-450\" alt=\"\" srcset=\"https:\/\/gvgus.com\/wp-content\/uploads\/2025\/09\/GV-Group-Tax-1-1.jpg 612w, https:\/\/gvgus.com\/wp-content\/uploads\/2025\/09\/GV-Group-Tax-1-1-300x200.jpg 300w\" sizes=\"(max-width: 612px) 100vw, 612px\" \/>\t\t\t\t\t\t\t\t\t\t\t\t\t\t\t<\/div>\n\t\t\t\t<\/div>\n\t\t<div class=\"elementor-element elementor-element-ed47e93 e-con-full e-flex e-con e-child\" data-id=\"ed47e93\" data-element_type=\"container\">\n\t\t\t\t<div class=\"elementor-element elementor-element-482e102 elementor-widget elementor-widget-heading\" data-id=\"482e102\" data-element_type=\"widget\" data-widget_type=\"heading.default\">\n\t\t\t\t<div class=\"elementor-widget-container\">\n\t\t\t\t\t<h1 class=\"elementor-heading-title elementor-size-default\">Planeaci\u00f3n de estructura Legal e Impuestos<\/h1>\t\t\t\t<\/div>\n\t\t\t\t<\/div>\n\t\t\t\t<div class=\"elementor-element elementor-element-0d744d5 elementor-widget__width-initial elementor-widget elementor-widget-text-editor\" data-id=\"0d744d5\" data-element_type=\"widget\" data-widget_type=\"text-editor.default\">\n\t\t\t\t<div class=\"elementor-widget-container\">\n\t\t\t\t\t\t\t\t\t<p><b>Estrategia Fundacional para un \u00c9xito Duradero.<\/b><\/p><p>No solo registramos su negocio; actuamos como los arquitectos de su <b>estructura fundamental<\/b>. Proporcionamos orientaci\u00f3n experta en la selecci\u00f3n del <b>entidad legal ideal<\/b> (LLC, C-Corp, S-Corp, etc.) e implementar la m\u00e1s<b>\u00a0plan de impuestos eficiente<\/b> desde el primer d\u00eda. Nuestro objetivo es elaborar una estructura que no solo garantice <b>cumplimiento normativo total<\/b> sino que tambi\u00e9n estrat\u00e9gicamente <b>minimizar su obligaci\u00f3n tributaria<\/b> y garantizar <b>m\u00e1xima protecci\u00f3n de activos<\/b> para usted y su negocio a medida que escala.<\/p>\t\t\t\t\t\t\t\t<\/div>\n\t\t\t\t<\/div>\n\t\t\t\t<\/div>\n\t\t\t\t\t<\/div>\n\t\t\t\t<\/div>\n\t\t<div class=\"elementor-element elementor-element-803f880 e-flex e-con-boxed e-con e-parent\" data-id=\"803f880\" data-element_type=\"container\" data-settings=\"{&quot;background_background&quot;:&quot;classic&quot;}\">\n\t\t\t\t\t<div class=\"e-con-inner\">\n\t\t\t\t<div class=\"elementor-element elementor-element-b02f014 elementor-widget elementor-widget-image\" data-id=\"b02f014\" data-element_type=\"widget\" data-widget_type=\"image.default\">\n\t\t\t\t<div class=\"elementor-widget-container\">\n\t\t\t\t\t\t\t\t\t\t\t\t\t\t\t<img decoding=\"async\" width=\"800\" height=\"534\" src=\"https:\/\/gvgus.com\/wp-content\/uploads\/2025\/09\/company-formation-services-GV-Group-1024x684.webp\" class=\"attachment-large size-large wp-image-445\" alt=\"\" srcset=\"https:\/\/gvgus.com\/wp-content\/uploads\/2025\/09\/company-formation-services-GV-Group-1024x684.webp 1024w, https:\/\/gvgus.com\/wp-content\/uploads\/2025\/09\/company-formation-services-GV-Group-300x200.webp 300w, https:\/\/gvgus.com\/wp-content\/uploads\/2025\/09\/company-formation-services-GV-Group-768x513.webp 768w, https:\/\/gvgus.com\/wp-content\/uploads\/2025\/09\/company-formation-services-GV-Group-1536x1025.webp 1536w, https:\/\/gvgus.com\/wp-content\/uploads\/2025\/09\/company-formation-services-GV-Group-2048x1367.webp 2048w\" sizes=\"(max-width: 800px) 100vw, 800px\" \/>\t\t\t\t\t\t\t\t\t\t\t\t\t\t\t<\/div>\n\t\t\t\t<\/div>\n\t\t<div class=\"elementor-element elementor-element-db5f8bd e-con-full e-flex e-con e-child\" data-id=\"db5f8bd\" data-element_type=\"container\">\n\t\t\t\t<div class=\"elementor-element elementor-element-ca896f4 elementor-widget elementor-widget-heading\" data-id=\"ca896f4\" data-element_type=\"widget\" data-widget_type=\"heading.default\">\n\t\t\t\t<div class=\"elementor-widget-container\">\n\t\t\t\t\t<h1 class=\"elementor-heading-title elementor-size-default\">Creaci\u00f3n de Sociedades y Cumplimiento Normativo<\/h1>\t\t\t\t<\/div>\n\t\t\t\t<\/div>\n\t\t\t\t<div class=\"elementor-element elementor-element-2563586 elementor-widget__width-initial elementor-widget elementor-widget-text-editor\" data-id=\"2563586\" data-element_type=\"widget\" data-widget_type=\"text-editor.default\">\n\t\t\t\t<div class=\"elementor-widget-container\">\n\t\t\t\t\t\t\t\t\t<p><b>Constituci\u00f3n de Empresas sin Interrupciones y Cumplimiento Garantizado<\/b><\/p><p>Lanzar su negocio a nivel nacional deber\u00eda ser <b>sencillo<\/b>, no estresante. Gestionamos todo el proceso de establecimiento en cualquier estado de EE. UU., encarg\u00e1ndonos de todos los <b>registros, documentaci\u00f3n detallada y licencias necesarias<\/b>Aqu\u00ed tiene la traducci\u00f3n:\n\n. M\u00e1s all\u00e1 del lanzamiento, mantenemos activamente su estatus legal corporativo, garantizando proactivamente <b>el cumplimiento continuo<\/b> con todos los requisitos estatales y federales. Eliminamos la carga administrativa y <b>mitigar los riesgos legales<\/b>, permiti\u00e9ndole concentrarse por completo en su negocio principal.<\/p>\t\t\t\t\t\t\t\t<\/div>\n\t\t\t\t<\/div>\n\t\t\t\t<\/div>\n\t\t\t\t\t<\/div>\n\t\t\t\t<\/div>\n\t\t<div class=\"elementor-element elementor-element-c015c52 e-flex e-con-boxed e-con e-parent\" data-id=\"c015c52\" data-element_type=\"container\" data-settings=\"{&quot;background_background&quot;:&quot;classic&quot;}\">\n\t\t\t\t\t<div class=\"e-con-inner\">\n\t\t\t\t<div class=\"elementor-element elementor-element-6c9836d elementor-widget elementor-widget-image\" data-id=\"6c9836d\" data-element_type=\"widget\" data-widget_type=\"image.default\">\n\t\t\t\t<div class=\"elementor-widget-container\">\n\t\t\t\t\t\t\t\t\t\t\t\t\t\t\t<img decoding=\"async\" width=\"800\" height=\"534\" src=\"https:\/\/gvgus.com\/wp-content\/uploads\/2025\/09\/eb5-paving-road-from-e2-visa-GV-Group-1024x683.jpg\" class=\"attachment-large size-large wp-image-451\" alt=\"\" srcset=\"https:\/\/gvgus.com\/wp-content\/uploads\/2025\/09\/eb5-paving-road-from-e2-visa-GV-Group-1024x683.jpg 1024w, https:\/\/gvgus.com\/wp-content\/uploads\/2025\/09\/eb5-paving-road-from-e2-visa-GV-Group-300x200.jpg 300w, https:\/\/gvgus.com\/wp-content\/uploads\/2025\/09\/eb5-paving-road-from-e2-visa-GV-Group-768x512.jpg 768w, https:\/\/gvgus.com\/wp-content\/uploads\/2025\/09\/eb5-paving-road-from-e2-visa-GV-Group.jpg 1200w\" sizes=\"(max-width: 800px) 100vw, 800px\" \/>\t\t\t\t\t\t\t\t\t\t\t\t\t\t\t<\/div>\n\t\t\t\t<\/div>\n\t\t<div class=\"elementor-element elementor-element-03a4a95 e-con-full e-flex e-con e-child\" data-id=\"03a4a95\" data-element_type=\"container\">\n\t\t\t\t<div class=\"elementor-element elementor-element-428c105 elementor-widget elementor-widget-heading\" data-id=\"428c105\" data-element_type=\"widget\" data-widget_type=\"heading.default\">\n\t\t\t\t<div class=\"elementor-widget-container\">\n\t\t\t\t\t<h1 class=\"elementor-heading-title elementor-size-default\">Visas de Inversi\u00f3n y Negocios<\/h1>\t\t\t\t<\/div>\n\t\t\t\t<\/div>\n\t\t\t\t<div class=\"elementor-element elementor-element-e3018f4 elementor-widget__width-initial elementor-widget elementor-widget-text-editor\" data-id=\"e3018f4\" data-element_type=\"widget\" data-widget_type=\"text-editor.default\">\n\t\t\t\t<div class=\"elementor-widget-container\">\n\t\t\t\t\t\t\t\t\t<p><b>Visa de Inversor: Planificaci\u00f3n Estrat\u00e9gica para el \u00c9xito Migratorio<\/b><\/p><p>Navegar por los requisitos de la visa de inversor exige un plan de negocios impecable y estrat\u00e9gicamente definido. Nosotros <b>le asesoramos y preparamos todo su paquete de visa<\/b>, definiendo una estrategia de inversi\u00f3n que se adapte perfectamente a sus ambiciones comerciales y cumpla con los estrictos criterios gubernamentales. Trabajando al un\u00edsono con su asesor legal, aseguramos <b>cumplimiento exhaustivo<\/b> con todos los requisitos complejos de inmigraci\u00f3n, de manera efectiva <b>garantizando la integridad estructural<\/b> de su solicitud y asegurando su estancia legal en EE. UU.<\/p>\t\t\t\t\t\t\t\t<\/div>\n\t\t\t\t<\/div>\n\t\t\t\t<\/div>\n\t\t\t\t\t<\/div>\n\t\t\t\t<\/div>\n\t\t<div class=\"elementor-element elementor-element-672f0de e-flex e-con-boxed e-con e-parent\" data-id=\"672f0de\" data-element_type=\"container\" data-settings=\"{&quot;background_background&quot;:&quot;classic&quot;}\">\n\t\t\t\t\t<div class=\"e-con-inner\">\n\t\t\t\t<div class=\"elementor-element elementor-element-85a2cf3 elementor-widget elementor-widget-image\" data-id=\"85a2cf3\" data-element_type=\"widget\" data-widget_type=\"image.default\">\n\t\t\t\t<div class=\"elementor-widget-container\">\n\t\t\t\t\t\t\t\t\t\t\t\t\t\t\t<img loading=\"lazy\" decoding=\"async\" width=\"800\" height=\"600\" src=\"https:\/\/gvgus.com\/wp-content\/uploads\/2025\/09\/Tax-Season-GV-Group-1024x768.jpg\" class=\"attachment-large size-large wp-image-470\" alt=\"\" srcset=\"https:\/\/gvgus.com\/wp-content\/uploads\/2025\/09\/Tax-Season-GV-Group-1024x768.jpg 1024w, https:\/\/gvgus.com\/wp-content\/uploads\/2025\/09\/Tax-Season-GV-Group-300x225.jpg 300w, https:\/\/gvgus.com\/wp-content\/uploads\/2025\/09\/Tax-Season-GV-Group-768x576.jpg 768w, https:\/\/gvgus.com\/wp-content\/uploads\/2025\/09\/Tax-Season-GV-Group.jpg 1200w\" sizes=\"(max-width: 800px) 100vw, 800px\" \/>\t\t\t\t\t\t\t\t\t\t\t\t\t\t\t<\/div>\n\t\t\t\t<\/div>\n\t\t<div class=\"elementor-element elementor-element-c315f24 e-con-full e-flex e-con e-child\" data-id=\"c315f24\" data-element_type=\"container\">\n\t\t\t\t<div class=\"elementor-element elementor-element-94c175a elementor-widget elementor-widget-heading\" data-id=\"94c175a\" data-element_type=\"widget\" data-widget_type=\"heading.default\">\n\t\t\t\t<div class=\"elementor-widget-container\">\n\t\t\t\t\t<h1 class=\"elementor-heading-title elementor-size-default\">Servicios de Contadur\u00eda e Impuestos<\/h1>\t\t\t\t<\/div>\n\t\t\t\t<\/div>\n\t\t\t\t<div class=\"elementor-element elementor-element-2ba8e2f elementor-widget__width-initial elementor-widget elementor-widget-text-editor\" data-id=\"2ba8e2f\" data-element_type=\"widget\" data-widget_type=\"text-editor.default\">\n\t\t\t\t<div class=\"elementor-widget-container\">\n\t\t\t\t\t\t\t\t\t<p><b>La Contabilidad como un Activo Estrat\u00e9gico, No Solo como un Requisito<\/b><\/p><p>amos m\u00e1s all\u00e1 de la contabilidad tradicional, ofreciendo <b>datos financieros precisos y en tiempo real<\/b>no solo informes est\u00e1ticos. Proporcionamos los <b>conocimientos clave y procesables<\/b> que usted necesita para tomar decisiones de negocio cr\u00edticas. Esta inteligencia se integra con una <b>planificaci\u00f3n estrat\u00e9gica proactiva<\/b> y <b>un riguroso cumplimiento de los impuestos federales y estatales<\/b>, dise\u00f1ado espec\u00edficamente para <b>minimizar legalmente sus obligaciones fiscales<\/b> y asegurar la m\u00e1xima retenci\u00f3n de sus ganancias.<\/p>\t\t\t\t\t\t\t\t<\/div>\n\t\t\t\t<\/div>\n\t\t\t\t<\/div>\n\t\t\t\t\t<\/div>\n\t\t\t\t<\/div>\n\t\t<div class=\"elementor-element elementor-element-145df44 e-flex e-con-boxed e-con e-parent\" data-id=\"145df44\" data-element_type=\"container\" data-settings=\"{&quot;background_background&quot;:&quot;classic&quot;}\">\n\t\t\t\t\t<div class=\"e-con-inner\">\n\t\t\t\t<div class=\"elementor-element elementor-element-cc4344e elementor-widget elementor-widget-image\" data-id=\"cc4344e\" data-element_type=\"widget\" data-widget_type=\"image.default\">\n\t\t\t\t<div class=\"elementor-widget-container\">\n\t\t\t\t\t\t\t\t\t\t\t\t\t\t\t<img loading=\"lazy\" decoding=\"async\" width=\"700\" height=\"467\" src=\"https:\/\/gvgus.com\/wp-content\/uploads\/2025\/09\/part-time-CFO-GV-Group.jpg\" class=\"attachment-large size-large wp-image-477\" alt=\"\" srcset=\"https:\/\/gvgus.com\/wp-content\/uploads\/2025\/09\/part-time-CFO-GV-Group.jpg 700w, https:\/\/gvgus.com\/wp-content\/uploads\/2025\/09\/part-time-CFO-GV-Group-300x200.jpg 300w\" sizes=\"(max-width: 700px) 100vw, 700px\" \/>\t\t\t\t\t\t\t\t\t\t\t\t\t\t\t<\/div>\n\t\t\t\t<\/div>\n\t\t<div class=\"elementor-element elementor-element-44ecc53 e-con-full e-flex e-con e-child\" data-id=\"44ecc53\" data-element_type=\"container\">\n\t\t\t\t<div class=\"elementor-element elementor-element-67730fd elementor-widget elementor-widget-heading\" data-id=\"67730fd\" data-element_type=\"widget\" data-widget_type=\"heading.default\">\n\t\t\t\t<div class=\"elementor-widget-container\">\n\t\t\t\t\t<h1 class=\"elementor-heading-title elementor-size-default\">Soporte Ejecutivo (CFO de Tiempo Parcial)<\/h1>\t\t\t\t<\/div>\n\t\t\t\t<\/div>\n\t\t\t\t<div class=\"elementor-element elementor-element-b9bb253 elementor-widget__width-initial elementor-widget elementor-widget-text-editor\" data-id=\"b9bb253\" data-element_type=\"widget\" data-widget_type=\"text-editor.default\">\n\t\t\t\t<div class=\"elementor-widget-container\">\n\t\t\t\t\t\t\t\t\t<p><b>Liderazgo Financiero Ejecutivo, No Gastos Generales Ejecutivos<\/b><\/p><p>Obtenga la experiencia de \u00e9lite de un <b>Director Financiero (CFO)<\/b> sin el significativo costo fijo de una contrataci\u00f3n a tiempo completo. Nuestro servicio de CFO a Tiempo Parcial proporciona <b>supervisi\u00f3n financiera estrat\u00e9gica dedicada<\/b>, incluyendo gesti\u00f3n avanzada del capital de trabajo, modelado financiero robusto y an\u00e1lisis de rendimiento en profundidad. Entregamos los conocimientos y la direcci\u00f3n necesarios para optimizar el flujo de caja, mejorar la rentabilidad e impulsar un <b>crecimiento empresarial seguro y a largo plazo.<\/b><\/p>\t\t\t\t\t\t\t\t<\/div>\n\t\t\t\t<\/div>\n\t\t\t\t<\/div>\n\t\t\t\t\t<\/div>\n\t\t\t\t<\/div>\n\t\t<div class=\"elementor-element elementor-element-fa6225b e-flex e-con-boxed e-con e-parent\" data-id=\"fa6225b\" data-element_type=\"container\">\n\t\t\t\t\t<div class=\"e-con-inner\">\n\t\t\t\t\t<\/div>\n\t\t\t\t<\/div>\n\t\t\t\t<\/div>","protected":false},"excerpt":{"rendered":"<p>SERVICESWe are just one phone call away! High-level planning, foresight, and long-term vision. Legal &amp; Tax Structure Planning Foundational Strategy for Lasting Success We don&#8217;t just register your business; we act as the architects of its foundational structure. We provide expert guidance in selecting the ideal legal entity (LLC, C-Corp, S-Corp, etc.) and implementing the [&hellip;]<\/p>","protected":false},"author":1,"featured_media":0,"parent":0,"menu_order":0,"comment_status":"closed","ping_status":"closed","template":"elementor_header_footer","meta":{"footnotes":""},"class_list":["post-293","page","type-page","status-publish","hentry"],"_links":{"self":[{"href":"https:\/\/gvgus.com\/es\/wp-json\/wp\/v2\/pages\/293","targetHints":{"allow":["GET"]}}],"collection":[{"href":"https:\/\/gvgus.com\/es\/wp-json\/wp\/v2\/pages"}],"about":[{"href":"https:\/\/gvgus.com\/es\/wp-json\/wp\/v2\/types\/page"}],"author":[{"embeddable":true,"href":"https:\/\/gvgus.com\/es\/wp-json\/wp\/v2\/users\/1"}],"replies":[{"embeddable":true,"href":"https:\/\/gvgus.com\/es\/wp-json\/wp\/v2\/comments?post=293"}],"version-history":[{"count":112,"href":"https:\/\/gvgus.com\/es\/wp-json\/wp\/v2\/pages\/293\/revisions"}],"predecessor-version":[{"id":564,"href":"https:\/\/gvgus.com\/es\/wp-json\/wp\/v2\/pages\/293\/revisions\/564"}],"wp:attachment":[{"href":"https:\/\/gvgus.com\/es\/wp-json\/wp\/v2\/media?parent=293"}],"curies":[{"name":"wp","href":"https:\/\/api.w.org\/{rel}","templated":true}]}}